{"id":21,"date":"2026-04-18T11:32:13","date_gmt":"2026-04-18T09:32:13","guid":{"rendered":"https:\/\/invite.vitoramirez.com\/?page_id=21"},"modified":"2026-04-18T12:37:21","modified_gmt":"2026-04-18T10:37:21","slug":"home","status":"publish","type":"page","link":"https:\/\/invite.vitoramirez.com\/","title":{"rendered":"Home"},"content":{"rendered":"\t\t<div data-elementor-type=\"wp-page\" data-elementor-id=\"21\" class=\"elementor elementor-21\" data-elementor-post-type=\"page\">\n\t\t\t\t<div class=\"elementor-element elementor-element-d514d79 e-con-full e-flex e-con e-parent\" data-id=\"d514d79\" data-element_type=\"container\" data-e-type=\"container\">\n\t\t\t\t<div class=\"elementor-element elementor-element-b4d1d9a elementor-widget elementor-widget-slider_revolution\" data-id=\"b4d1d9a\" data-element_type=\"widget\" data-e-type=\"widget\" data-widget_type=\"slider_revolution.default\">\n\t\t\t\t\t<div class=\"wp-block-themepunch-revslider revslider\">\t<script src=\"https:\/\/www.youtube.com\/iframe_api\"><\/script>\n\n\t\t\t\t<p class=\"rs-p-wp-fix\"><\/p>\n\t\t\t\t<sr7-module data-alias=\"onepage-hero-1\" data-id=\"3\" id=\"hero1\" data-version=\"7.0.8\">\n\t\t\t\t\t<sr7-adjuster><\/sr7-adjuster>\n\t\t\t\t\t<sr7-content>\n\t\t\t\t\t\t<sr7-slide id=\"intro\" data-key=\"5\">\n\t\t\t\t\t\t\t<sr7-txt id=\"hero1-5-1\" class=\"sr7-layer\">Vito's Chapter 30<\/sr7-txt>\n\t\t\t\t\t\t\t<sr7-txt id=\"hero1-5-2\" class=\"sr7-layer\">Una serata per celebrare un traguardo importante.<br>Cena, musica e festa insieme alle persone che contano.<br>Scorri gi\u00f9 per continuare a leggere.<\/sr7-txt>\n\t\t\t\t\t\t<\/sr7-slide>\n\t\t\t\t\t\t<sr7-slide id=\"hero1-6\" data-key=\"6\">\n\t\t\t\t\t\t<\/sr7-slide>\n\t\t\t\t\t<\/sr7-content>\n\t\t\t\t\t<image_lists style=\"display:none\">\n\t\t\t\t\t\t<img data-src=\"\/\/invite.vitoramirez.com\/wp-content\/uploads\/revslider\/o\/3\/1bd7abde2f72270ea5893ef22fe680c0.webp\" data-libid=\"94709\" data-lib=\"medialibrary\" width=\"0\" height=\"0\" data-dbsrc=\"Ly9pbnZpdGUudml0b3JhbWlyZXouY29tL3dwLWNvbnRlbnQvdXBsb2Fkcy8yMDI2LzA0L2hmXzIwMjYwNDE4XzA5MDUwOV8yZjMzMDk1ZS03MTg0LTRiOWYtOTg1OC0wOGQ0NzE2MjkwNDkuanBn\"\/>\n\t\t\t\t\t\t<img data-src=\"\/\/img.youtube.com\/vi\/Gsc0HtG6rTc\/maxresdefault.jpg\" data-lib=\"medialibrary\" width=\"0\" height=\"0\" data-dbsrc=\"Ly9pbWcueW91dHViZS5jb20vdmkvR3NjMEh0RzZyVGMvbWF4cmVzZGVmYXVsdC5qcGc=\"\/>\n\t\t\t\t\t<\/image_lists>\n\t\t\t\t<\/sr7-module>\n\t\t\t\t<script>\n\t\t\t\t\twindow.SR7??={}; SR7.PMH ??={}; SR7.PMH[\"hero1\"] = {cn:100,state:false,fn: function() { if (window._tpt!==undefined && window._tpt.prepareModuleHeight !== undefined) {  _tpt.prepareModuleHeight({id:\"hero1\",el:[861,861,861,861,720],type:'hero',gh:[900,900,900,900,720],gw:[1240,1240,1240,1240,480],vpt:['200px&#039;,&#039;200px&#039;,&#039;200px&#039;,&#039;200px&#039;,&#039;200px'],size:{fullWidth:true, fullHeight:true},fho:'',mh:'0',onh:0,onw:0,bg:{color:'{\"type\":\"solid\",\"orig\":\"#05151b\",\"string\":\"rgba(5, 21, 27, 1)\"}'}});   SR7.PMH[\"hero1\"].state=true;} else if(SR7.PMH[\"hero1\"].cn-->0)\tsetTimeout( SR7.PMH[\"hero1\"].fn,19);}};SR7.PMH[\"hero1\" ].fn();\n\t\t\t\t<\/script>\n<\/div>\t\t\t\t<\/div>\n\t\t\t\t<\/div>\n\t\t<div class=\"elementor-element elementor-element-e66b818 e-con-full e-flex e-con e-parent\" data-id=\"e66b818\" data-element_type=\"container\" data-e-type=\"container\">\n\t\t\t\t<div class=\"elementor-element elementor-element-0071eb0 elementor-widget elementor-widget-slider_revolution\" data-id=\"0071eb0\" data-element_type=\"widget\" data-e-type=\"widget\" data-widget_type=\"slider_revolution.default\">\n\t\t\t\t\t<div class=\"wp-block-themepunch-revslider revslider\">\n\t\t\t\t<p class=\"rs-p-wp-fix\"><\/p>\n\t\t\t\t<sr7-module data-alias=\"about1\" data-id=\"2\" id=\"about1\" data-version=\"7.0.8\">\n\t\t\t\t\t<sr7-adjuster><\/sr7-adjuster>\n\t\t\t\t\t<sr7-content>\n\t\t\t\t\t\t<sr7-slide id=\"info-1\" data-key=\"3\">\n\t\t\t\t\t\t\t<sr7-txt id=\"about1-3-1\" class=\"sr7-layer\">30 aprile 2026<\/sr7-txt>\n\t\t\t\t\t\t\t<sr7-txt id=\"about1-3-2\" class=\"sr7-layer\">Il 30 aprile festegger\u00f2 i miei 30 anni con una serata speciale insieme ad amici e persone importanti.<br><br>Ci incontreremo per una cena, buon vino e drink, per poi continuare la serata con musica e festa.<br><br>La serata sar\u00e0 animata da Marco Abbate, con Andrea Maggino alla console e due ospiti speciali, quindi preparatevi anche a ballare.<br><br>Mi farebbe davvero piacere averti con noi.<\/sr7-txt>\n\t\t\t\t\t\t\t<sr7-txt id=\"about1-3-21\" class=\"sr7-layer\">Celebriamo i<br>miei 30 anni<\/sr7-txt>\n\t\t\t\t\t\t<\/sr7-slide>\n\t\t\t\t\t\t<sr7-slide id=\"about1-4\" data-key=\"4\">\n\t\t\t\t\t\t<\/sr7-slide>\n\t\t\t\t\t<\/sr7-content>\n\t\t\t\t\t<image_lists style=\"display:none\">\n\t\t\t\t\t\t<img data-src=\"\/\/invite.vitoramirez.com\/wp-content\/uploads\/revslider\/o\/2\/7700cc00b509b996e56e8d2280cfae50.webp\" data-libid=\"35\" data-lib=\"wp\" title=\"unnamed (1)\" width=\"0\" height=\"0\" data-dbsrc=\"Ly9pbnZpdGUudml0b3JhbWlyZXouY29tL3dwLWNvbnRlbnQvdXBsb2Fkcy8yMDI2LzA0L3VubmFtZWQtMS53ZWJw\"\/>\n\t\t\t\t\t<\/image_lists>\n\t\t\t\t<\/sr7-module>\n\t\t\t\t<script>\n\t\t\t\t\twindow.SR7??={}; SR7.PMH ??={}; SR7.PMH[\"about1\"] = {cn:100,state:false,fn: function() { if (window._tpt!==undefined && window._tpt.prepareModuleHeight !== undefined) {  _tpt.prepareModuleHeight({id:\"about1\",el:[1246,1246,1246,1246,924],type:'hero',gh:[1246,1246,1246,1246,782],gw:[1240,1240,1240,1240,480],vpt:['100px&#039;,&#039;100px&#039;,&#039;100px&#039;,&#039;100px&#039;,&#039;100px'],size:{fullWidth:true, fullHeight:false},mh:'0',onh:0,onw:0,bg:{color:'{\"type\":\"solid\",\"orig\":\"#05151b\",\"string\":\"rgba(5, 21, 27, 1)\"}'}});   SR7.PMH[\"about1\"].state=true;} else if(SR7.PMH[\"about1\"].cn-->0)\tsetTimeout( SR7.PMH[\"about1\"].fn,19);}};SR7.PMH[\"about1\" ].fn();\n\t\t\t\t<\/script>\n<\/div>\t\t\t\t<\/div>\n\t\t\t\t<\/div>\n\t\t<div class=\"elementor-element elementor-element-b089141 e-con-full e-flex e-con e-parent\" data-id=\"b089141\" data-element_type=\"container\" data-e-type=\"container\">\n\t\t\t\t<div class=\"elementor-element elementor-element-a398374 elementor-widget elementor-widget-slider_revolution\" data-id=\"a398374\" data-element_type=\"widget\" data-e-type=\"widget\" data-widget_type=\"slider_revolution.default\">\n\t\t\t\t\t<div class=\"wp-block-themepunch-revslider revslider\">\n\t\t\t\t<p class=\"rs-p-wp-fix\"><\/p>\n\t\t\t\t<sr7-module data-alias=\"footer-1\" data-id=\"1\" id=\"footer1\" data-version=\"7.0.8\">\n\t\t\t\t\t<sr7-adjuster><\/sr7-adjuster>\n\t\t\t\t\t<sr7-content>\n\t\t\t\t\t\t<sr7-slide id=\"footer1-1\" data-key=\"1\">\n\t\t\t\t\t\t\t<sr7-txt id=\"footer1-1-1\" class=\"sr7-layer\">20:30<\/sr7-txt>\n\t\t\t\t\t\t\t<sr7-txt id=\"footer1-1-2\" class=\"sr7-layer\">Dress Code: elegante. Niente di troppo formale, ma curiamo lo stile per una bella serata insieme.<br><br>Sar\u00e0 un piacere festeggiare insieme. Conferma la tua presenza qui sotto.<\/sr7-txt>\n\t\t\t\t\t\t\t<sr7-txt id=\"footer1-1-9\" class=\"sr7-layer\">A che ora<\/sr7-txt>\n\t\t\t\t\t\t\t<a id=\"footer1-1-11\" class=\"sr7-layer\" href=\"http:\/\/wa.me\/+393755995014\" target=\"_blank\" rel=\"noopener\">Conferma la Presenza<\/a>\n\t\t\t\t\t\t\t<sr7-txt id=\"footer1-1-19\" class=\"sr7-layer\">Gioved\u00ec 30 Aprile 2026<\/sr7-txt>\n\t\t\t\t\t\t\t<a id=\"footer1-1-20\" class=\"sr7-layer\" href=\"http:\/\/maps.app.goo.gl\/sBX8PW6m5eNfcib37\" target=\"_blank\" rel=\"noopener\">MAX | Massimo Mentasti<br>(Clicca qui per la posizione)<\/a>\n\t\t\t\t\t\t\t<sr7-txt id=\"footer1-1-21\" class=\"sr7-layer\">Quando<\/sr7-txt>\n\t\t\t\t\t\t\t<sr7-txt id=\"footer1-1-22\" class=\"sr7-layer\">Dove<\/sr7-txt>\n\t\t\t\t\t\t\t<sr7-txt id=\"footer1-1-28\" class=\"sr7-layer\"><\/sr7-txt>\n\t\t\t\t\t\t\t<sr7-txt id=\"footer1-1-34\" class=\"sr7-layer\">La vostra presenza sar\u00e0 gi\u00e0 il regalo pi\u00f9 bello.<br \/>\nPer chi lo desidera, ho aperto una lista regalo \u201cVito Ramirez\u201d presso:<br \/>\nWhite 7 (Uomo), Via Nazario Sauro 26 - Lecce<\/sr7-txt>\n\t\t\t\t\t\t<\/sr7-slide>\n\t\t\t\t\t\t<sr7-slide id=\"footer1-2\" data-key=\"2\">\n\t\t\t\t\t\t<\/sr7-slide>\n\t\t\t\t\t<\/sr7-content>\n\t\t\t\t<\/sr7-module>\n\t\t\t\t<script>\n\t\t\t\t\twindow.SR7??={}; SR7.PMH ??={}; SR7.PMH[\"footer1\"] = {cn:100,state:false,fn: function() { if (window._tpt!==undefined && window._tpt.prepareModuleHeight !== undefined) {  _tpt.prepareModuleHeight({id:\"footer1\",el:[900,900,900,900,1008],type:'hero',gh:[900,900,900,900,720],gw:[1240,1240,1240,1240,480],vpt:['100px&#039;,&#039;100px&#039;,&#039;100px&#039;,&#039;100px&#039;,&#039;100px'],size:{fullWidth:true, fullHeight:false},mh:'0',onh:0,onw:0,bg:{color:'{\"type\":\"solid\",\"orig\":\"#05151b\",\"string\":\"rgba(5, 21, 27, 1)\"}'}});   SR7.PMH[\"footer1\"].state=true;} else if(SR7.PMH[\"footer1\"].cn-->0)\tsetTimeout( SR7.PMH[\"footer1\"].fn,19);}};SR7.PMH[\"footer1\" ].fn();\n\t\t\t\t<\/script>\n<\/div>\t\t\t\t<\/div>\n\t\t\t\t<\/div>\n\t\t\t\t<\/div>\n\t\t","protected":false},"excerpt":{"rendered":"","protected":false},"author":1,"featured_media":36,"parent":0,"menu_order":0,"comment_status":"closed","ping_status":"closed","template":"elementor_canvas","meta":{"rs_blank_template":"","rs_page_bg_color":"","slide_template_v7":"","footnotes":""},"class_list":["post-21","page","type-page","status-publish","has-post-thumbnail","hentry"],"yoast_head":"<!-- This site is optimized with the Yoast SEO plugin v27.4 - https:\/\/yoast.com\/product\/yoast-seo-wordpress\/ -->\n<title>Vito Ramirez: Scopri di pi\u00f9<\/title>\n<meta name=\"description\" content=\"Una serata per celebrare un traguardo importante.Cena, musica e festa insieme alle persone che contano.\" \/>\n<meta name=\"robots\" content=\"noindex, follow, max-snippet:-1, max-image-preview:large, max-video-preview:-1\" \/>\n<meta property=\"og:locale\" content=\"it_IT\" \/>\n<meta property=\"og:type\" content=\"article\" \/>\n<meta property=\"og:title\" content=\"Vito Ramirez: Scopri di pi\u00f9\" \/>\n<meta property=\"og:description\" content=\"Una serata per celebrare un traguardo importante.Cena, musica e festa insieme alle persone che contano.\" \/>\n<meta property=\"og:url\" content=\"https:\/\/invite.vitoramirez.com\/\" \/>\n<meta property=\"og:site_name\" content=\"Vito Ramirez - Chapter 30\" \/>\n<meta property=\"article:modified_time\" content=\"2026-04-18T10:37:21+00:00\" \/>\n<meta property=\"og:image\" content=\"https:\/\/invite.vitoramirez.com\/wp-content\/uploads\/2026\/04\/Gold-And-Black-Elegant-Award-Ceremony-Instagram-Post.png\" \/>\n\t<meta property=\"og:image:width\" content=\"1080\" \/>\n\t<meta property=\"og:image:height\" content=\"1080\" \/>\n\t<meta property=\"og:image:type\" content=\"image\/png\" \/>\n<meta name=\"twitter:card\" content=\"summary_large_image\" \/>\n<meta name=\"twitter:label1\" content=\"Tempo di lettura stimato\" \/>\n\t<meta name=\"twitter:data1\" content=\"1 minuto\" \/>\n<script type=\"application\/ld+json\" class=\"yoast-schema-graph\">{\"@context\":\"https:\\\/\\\/schema.org\",\"@graph\":[{\"@type\":\"WebPage\",\"@id\":\"https:\\\/\\\/invite.vitoramirez.com\\\/\",\"url\":\"https:\\\/\\\/invite.vitoramirez.com\\\/\",\"name\":\"Vito Ramirez: Scopri di pi\u00f9\",\"isPartOf\":{\"@id\":\"https:\\\/\\\/invite.vitoramirez.com\\\/#website\"},\"primaryImageOfPage\":{\"@id\":\"https:\\\/\\\/invite.vitoramirez.com\\\/#primaryimage\"},\"image\":{\"@id\":\"https:\\\/\\\/invite.vitoramirez.com\\\/#primaryimage\"},\"thumbnailUrl\":\"https:\\\/\\\/invite.vitoramirez.com\\\/wp-content\\\/uploads\\\/2026\\\/04\\\/Gold-And-Black-Elegant-Award-Ceremony-Instagram-Post.png\",\"datePublished\":\"2026-04-18T09:32:13+00:00\",\"dateModified\":\"2026-04-18T10:37:21+00:00\",\"description\":\"Una serata per celebrare un traguardo importante.Cena, musica e festa insieme alle persone che contano.\",\"breadcrumb\":{\"@id\":\"https:\\\/\\\/invite.vitoramirez.com\\\/#breadcrumb\"},\"inLanguage\":\"it-IT\",\"potentialAction\":[{\"@type\":\"ReadAction\",\"target\":[\"https:\\\/\\\/invite.vitoramirez.com\\\/\"]}]},{\"@type\":\"ImageObject\",\"inLanguage\":\"it-IT\",\"@id\":\"https:\\\/\\\/invite.vitoramirez.com\\\/#primaryimage\",\"url\":\"https:\\\/\\\/invite.vitoramirez.com\\\/wp-content\\\/uploads\\\/2026\\\/04\\\/Gold-And-Black-Elegant-Award-Ceremony-Instagram-Post.png\",\"contentUrl\":\"https:\\\/\\\/invite.vitoramirez.com\\\/wp-content\\\/uploads\\\/2026\\\/04\\\/Gold-And-Black-Elegant-Award-Ceremony-Instagram-Post.png\",\"width\":1080,\"height\":1080},{\"@type\":\"BreadcrumbList\",\"@id\":\"https:\\\/\\\/invite.vitoramirez.com\\\/#breadcrumb\",\"itemListElement\":[{\"@type\":\"ListItem\",\"position\":1,\"name\":\"Home\",\"item\":\"https:\\\/\\\/invite.vitoramirez.com\\\/\"},{\"@type\":\"ListItem\",\"position\":2,\"name\":\"Home\"}]},{\"@type\":\"WebSite\",\"@id\":\"https:\\\/\\\/invite.vitoramirez.com\\\/#website\",\"url\":\"https:\\\/\\\/invite.vitoramirez.com\\\/\",\"name\":\"Vito Ramirez - Chapter 30\",\"description\":\"Informazioni Invito\",\"potentialAction\":[{\"@type\":\"SearchAction\",\"target\":{\"@type\":\"EntryPoint\",\"urlTemplate\":\"https:\\\/\\\/invite.vitoramirez.com\\\/?s={search_term_string}\"},\"query-input\":{\"@type\":\"PropertyValueSpecification\",\"valueRequired\":true,\"valueName\":\"search_term_string\"}}],\"inLanguage\":\"it-IT\"}]}<\/script>\n<!-- \/ Yoast SEO plugin. -->","yoast_head_json":{"title":"Vito Ramirez: Scopri di pi\u00f9","description":"Una serata per celebrare un traguardo importante.Cena, musica e festa insieme alle persone che contano.","robots":{"index":"noindex","follow":"follow","max-snippet":"max-snippet:-1","max-image-preview":"max-image-preview:large","max-video-preview":"max-video-preview:-1"},"og_locale":"it_IT","og_type":"article","og_title":"Vito Ramirez: Scopri di pi\u00f9","og_description":"Una serata per celebrare un traguardo importante.Cena, musica e festa insieme alle persone che contano.","og_url":"https:\/\/invite.vitoramirez.com\/","og_site_name":"Vito Ramirez - Chapter 30","article_modified_time":"2026-04-18T10:37:21+00:00","og_image":[{"width":1080,"height":1080,"url":"https:\/\/invite.vitoramirez.com\/wp-content\/uploads\/2026\/04\/Gold-And-Black-Elegant-Award-Ceremony-Instagram-Post.png","type":"image\/png"}],"twitter_card":"summary_large_image","twitter_misc":{"Tempo di lettura stimato":"1 minuto"},"schema":{"@context":"https:\/\/schema.org","@graph":[{"@type":"WebPage","@id":"https:\/\/invite.vitoramirez.com\/","url":"https:\/\/invite.vitoramirez.com\/","name":"Vito Ramirez: Scopri di pi\u00f9","isPartOf":{"@id":"https:\/\/invite.vitoramirez.com\/#website"},"primaryImageOfPage":{"@id":"https:\/\/invite.vitoramirez.com\/#primaryimage"},"image":{"@id":"https:\/\/invite.vitoramirez.com\/#primaryimage"},"thumbnailUrl":"https:\/\/invite.vitoramirez.com\/wp-content\/uploads\/2026\/04\/Gold-And-Black-Elegant-Award-Ceremony-Instagram-Post.png","datePublished":"2026-04-18T09:32:13+00:00","dateModified":"2026-04-18T10:37:21+00:00","description":"Una serata per celebrare un traguardo importante.Cena, musica e festa insieme alle persone che contano.","breadcrumb":{"@id":"https:\/\/invite.vitoramirez.com\/#breadcrumb"},"inLanguage":"it-IT","potentialAction":[{"@type":"ReadAction","target":["https:\/\/invite.vitoramirez.com\/"]}]},{"@type":"ImageObject","inLanguage":"it-IT","@id":"https:\/\/invite.vitoramirez.com\/#primaryimage","url":"https:\/\/invite.vitoramirez.com\/wp-content\/uploads\/2026\/04\/Gold-And-Black-Elegant-Award-Ceremony-Instagram-Post.png","contentUrl":"https:\/\/invite.vitoramirez.com\/wp-content\/uploads\/2026\/04\/Gold-And-Black-Elegant-Award-Ceremony-Instagram-Post.png","width":1080,"height":1080},{"@type":"BreadcrumbList","@id":"https:\/\/invite.vitoramirez.com\/#breadcrumb","itemListElement":[{"@type":"ListItem","position":1,"name":"Home","item":"https:\/\/invite.vitoramirez.com\/"},{"@type":"ListItem","position":2,"name":"Home"}]},{"@type":"WebSite","@id":"https:\/\/invite.vitoramirez.com\/#website","url":"https:\/\/invite.vitoramirez.com\/","name":"Vito Ramirez - Chapter 30","description":"Informazioni Invito","potentialAction":[{"@type":"SearchAction","target":{"@type":"EntryPoint","urlTemplate":"https:\/\/invite.vitoramirez.com\/?s={search_term_string}"},"query-input":{"@type":"PropertyValueSpecification","valueRequired":true,"valueName":"search_term_string"}}],"inLanguage":"it-IT"}]}},"_links":{"self":[{"href":"https:\/\/invite.vitoramirez.com\/index.php\/wp-json\/wp\/v2\/pages\/21","targetHints":{"allow":["GET"]}}],"collection":[{"href":"https:\/\/invite.vitoramirez.com\/index.php\/wp-json\/wp\/v2\/pages"}],"about":[{"href":"https:\/\/invite.vitoramirez.com\/index.php\/wp-json\/wp\/v2\/types\/page"}],"author":[{"embeddable":true,"href":"https:\/\/invite.vitoramirez.com\/index.php\/wp-json\/wp\/v2\/users\/1"}],"replies":[{"embeddable":true,"href":"https:\/\/invite.vitoramirez.com\/index.php\/wp-json\/wp\/v2\/comments?post=21"}],"version-history":[{"count":7,"href":"https:\/\/invite.vitoramirez.com\/index.php\/wp-json\/wp\/v2\/pages\/21\/revisions"}],"predecessor-version":[{"id":34,"href":"https:\/\/invite.vitoramirez.com\/index.php\/wp-json\/wp\/v2\/pages\/21\/revisions\/34"}],"wp:featuredmedia":[{"embeddable":true,"href":"https:\/\/invite.vitoramirez.com\/index.php\/wp-json\/wp\/v2\/media\/36"}],"wp:attachment":[{"href":"https:\/\/invite.vitoramirez.com\/index.php\/wp-json\/wp\/v2\/media?parent=21"}],"curies":[{"name":"wp","href":"https:\/\/api.w.org\/{rel}","templated":true}]}}